{"id":59,"date":"2026-02-14T23:27:25","date_gmt":"2026-02-14T23:27:25","guid":{"rendered":"http:\/\/proyectosintesis.com\/site\/?page_id=59"},"modified":"2026-03-01T16:58:44","modified_gmt":"2026-03-01T16:58:44","slug":"lo-que-hacemos","status":"publish","type":"page","link":"https:\/\/proyectosintesis.com\/site\/lo-que-hacemos\/","title":{"rendered":"Lo que hacemos"},"content":{"rendered":"\n    \n    <section class=\"u-clearfix u-container-align-center u-palette-4-base u-section-2\" id=\"block-7\">\n      <div class=\"u-clearfix u-sheet u-valign-middle-lg u-valign-middle-xl u-sheet-1\">\n        <h1 class=\"u-text u-text-default u-text-1\">Lo que hacemos<\/h1>\n      <\/div>\n    <\/section>\n    <section class=\"u-align-center u-clearfix u-container-align-center u-section-3\" id=\"block-5\">\n      <div class=\"u-clearfix u-sheet u-valign-middle-lg u-valign-middle-sm u-sheet-1\">\n        <div class=\"data-layout-selected u-clearfix u-expanded-width u-gutter-0 u-layout-wrap u-layout-wrap-1\">\n          <div class=\"u-gutter-0 u-layout\">\n            <div class=\"u-layout-col\">\n              <div class=\"u-size-15\">\n                <div class=\"u-layout-row\">\n                  <div class=\"u-container-style u-layout-cell u-shape-rectangle u-size-30 u-layout-cell-1\">\n                    <div class=\"u-container-layout u-valign-top-xl u-valign-top-xs u-container-layout-1\">\n                      <img decoding=\"async\" class=\"custom-expanded u-align-center u-image u-image-contain u-image-default u-image-1\" src=\"https:\/\/proyectosintesis.com\/site\/wp-content\/uploads\/2026\/02\/naranja.png\" alt=\"\" data-image-width=\"502\" data-image-height=\"340\">\n                    <\/div>\n                  <\/div>\n                  <div class=\"u-container-style u-layout-cell u-shape-rectangle u-size-30 u-layout-cell-2\">\n                    <div class=\"u-container-layout u-valign-top-lg u-valign-top-md u-valign-top-xl u-valign-top-xs u-container-layout-2\">\n                      <h2 class=\"u-text u-text-1\">Pensar<\/h2>\n                      <h3 class=\"u-text u-text-default u-text-2\"> Autoconcepto<br>Pensamiento estrat\u00e9gico<br>Inteligencia emocional<br>Habilidades del pensamiento<br>An\u00e1lisis y s\u00edntesis<br>Toma de decisiones \n                      <\/h3>\n                    <\/div>\n                  <\/div>\n                <\/div>\n              <\/div>\n              <div class=\"u-size-15\">\n                <div class=\"u-layout-row\">\n                  <div class=\"u-container-style u-layout-cell u-shape-rectangle u-size-30 u-layout-cell-3\">\n                    <div class=\"u-container-layout u-valign-top-xl u-container-layout-3\">\n                      <img decoding=\"async\" class=\"custom-expanded u-align-center u-image u-image-contain u-image-default u-image-2\" src=\"https:\/\/proyectosintesis.com\/site\/wp-content\/uploads\/2026\/02\/rojo.png\" alt=\"\" data-image-width=\"502\" data-image-height=\"340\">\n                    <\/div>\n                  <\/div>\n                  <div class=\"u-container-style u-layout-cell u-shape-rectangle u-size-30 u-layout-cell-4\">\n                    <div class=\"u-container-layout u-container-layout-4\">\n                      <h2 class=\"u-text u-text-default u-text-3\"> Con otros<\/h2>\n                      <h3 class=\"u-text u-text-default u-text-4\"> Comunicaci\u00f3n<br>Manejo del conflicto<br>Negociaci\u00f3n<br>Integraci\u00f3n y trabajo de equipos<br>Liderazgo<br>Servicio \n                      <\/h3>\n                    <\/div>\n                  <\/div>\n                <\/div>\n              <\/div>\n              <div class=\"u-size-15\">\n                <div class=\"u-layout-row\">\n                  <div class=\"u-container-style u-layout-cell u-shape-rectangle u-size-30 u-layout-cell-5\">\n                    <div class=\"u-container-layout u-valign-top-xs u-container-layout-5\">\n                      <img decoding=\"async\" class=\"custom-expanded u-align-center u-image u-image-contain u-image-default u-image-3\" src=\"https:\/\/proyectosintesis.com\/site\/wp-content\/uploads\/2026\/02\/azul.png\" alt=\"\" data-image-width=\"502\" data-image-height=\"319\">\n                    <\/div>\n                  <\/div>\n                  <div class=\"u-container-style u-layout-cell u-shape-rectangle u-size-30 u-layout-cell-6\">\n                    <div class=\"u-container-layout u-valign-bottom-lg u-valign-top-xl u-container-layout-6\">\n                      <h2 class=\"u-text u-text-default u-text-5\" data-custom-animation=\"{&quot;animation&quot;:{&quot;XXL&quot;:{&quot;steps&quot;:[],&quot;hidden&quot;:false,&quot;start&quot;:{&quot;at&quot;:&quot;bottom&quot;,&quot;off&quot;:0},&quot;end&quot;:{&quot;at&quot;:&quot;top&quot;,&quot;off&quot;:0}},&quot;XL&quot;:{&quot;steps&quot;:[{&quot;dist&quot;:0,&quot;skip&quot;:0,&quot;blur&quot;:0,&quot;sticky&quot;:false,&quot;fixed&quot;:false,&quot;mx&quot;:&quot;-25&quot;,&quot;my&quot;:0,&quot;op&quot;:1,&quot;rot&quot;:0,&quot;sx&quot;:1,&quot;sy&quot;:1,&quot;bgy&quot;:0},{&quot;dist&quot;:0,&quot;skip&quot;:0,&quot;blur&quot;:0,&quot;sticky&quot;:false,&quot;fixed&quot;:false,&quot;mx&quot;:&quot;-55&quot;,&quot;my&quot;:0,&quot;op&quot;:0.5,&quot;rot&quot;:0,&quot;sx&quot;:1,&quot;sy&quot;:1,&quot;bgy&quot;:0}],&quot;hidden&quot;:false,&quot;start&quot;:{&quot;at&quot;:&quot;top&quot;,&quot;off&quot;:&quot;&quot;},&quot;end&quot;:{&quot;at&quot;:&quot;top&quot;,&quot;off&quot;:0}},&quot;LG&quot;:{&quot;steps&quot;:[],&quot;hidden&quot;:false,&quot;start&quot;:{&quot;at&quot;:&quot;bottom&quot;,&quot;off&quot;:0},&quot;end&quot;:{&quot;at&quot;:&quot;top&quot;,&quot;off&quot;:0}},&quot;MD&quot;:{&quot;steps&quot;:[],&quot;hidden&quot;:false,&quot;start&quot;:{&quot;at&quot;:&quot;bottom&quot;,&quot;off&quot;:0},&quot;end&quot;:{&quot;at&quot;:&quot;top&quot;,&quot;off&quot;:0}},&quot;SM&quot;:{&quot;steps&quot;:[],&quot;hidden&quot;:true,&quot;start&quot;:{&quot;at&quot;:&quot;bottom&quot;,&quot;off&quot;:0},&quot;end&quot;:{&quot;at&quot;:&quot;top&quot;,&quot;off&quot;:0}},&quot;XS&quot;:{&quot;steps&quot;:[],&quot;hidden&quot;:true,&quot;start&quot;:{&quot;at&quot;:&quot;bottom&quot;,&quot;off&quot;:0},&quot;end&quot;:{&quot;at&quot;:&quot;top&quot;,&quot;off&quot;:0}}},&quot;container&quot;:&quot;&quot;}\"> Movernos<\/h2>\n                      <h3 class=\"u-text u-text-6\"> Creatividad e innovaci\u00f3n<br>Cambio<br>Ejecuci\u00f3n<br>Administraci\u00f3n del tiempo<br>Vitalidad \n                      <\/h3>\n                    <\/div>\n                  <\/div>\n                <\/div>\n              <\/div>\n              <div class=\"u-size-15\">\n                <div class=\"u-layout-row\">\n                  <div class=\"u-container-style u-layout-cell u-shape-rectangle u-size-30 u-layout-cell-7\">\n                    <div class=\"u-container-layout u-valign-top-xl u-valign-top-xs u-container-layout-7\">\n                      <img decoding=\"async\" class=\"u-align-center u-image u-image-contain u-image-default u-image-4\" src=\"https:\/\/proyectosintesis.com\/site\/wp-content\/uploads\/2026\/02\/verde.png\" alt=\"\" data-image-width=\"502\" data-image-height=\"319\">\n                    <\/div>\n                  <\/div>\n                  <div class=\"u-container-style u-layout-cell u-shape-rectangle u-size-30 u-layout-cell-8\">\n                    <div class=\"u-container-layout u-valign-top-xl u-container-layout-8\">\n                      <h2 class=\"u-text u-text-default u-text-7\" data-custom-animation=\"{&quot;animation&quot;:{&quot;XXL&quot;:{&quot;steps&quot;:[],&quot;hidden&quot;:false,&quot;start&quot;:{&quot;at&quot;:&quot;bottom&quot;,&quot;off&quot;:0},&quot;end&quot;:{&quot;at&quot;:&quot;top&quot;,&quot;off&quot;:0}},&quot;XL&quot;:{&quot;steps&quot;:[{&quot;dist&quot;:0,&quot;skip&quot;:0,&quot;blur&quot;:0,&quot;sticky&quot;:false,&quot;fixed&quot;:false,&quot;mx&quot;:&quot;-25&quot;,&quot;my&quot;:0,&quot;op&quot;:1,&quot;rot&quot;:0,&quot;sx&quot;:1,&quot;sy&quot;:1,&quot;bgy&quot;:0},{&quot;dist&quot;:0,&quot;skip&quot;:0,&quot;blur&quot;:0,&quot;sticky&quot;:false,&quot;fixed&quot;:false,&quot;mx&quot;:&quot;-55&quot;,&quot;my&quot;:0,&quot;op&quot;:0.5,&quot;rot&quot;:0,&quot;sx&quot;:1,&quot;sy&quot;:1,&quot;bgy&quot;:0}],&quot;hidden&quot;:false,&quot;start&quot;:{&quot;at&quot;:&quot;top&quot;,&quot;off&quot;:&quot;&quot;},&quot;end&quot;:{&quot;at&quot;:&quot;top&quot;,&quot;off&quot;:0}},&quot;LG&quot;:{&quot;steps&quot;:[],&quot;hidden&quot;:false,&quot;start&quot;:{&quot;at&quot;:&quot;bottom&quot;,&quot;off&quot;:0},&quot;end&quot;:{&quot;at&quot;:&quot;top&quot;,&quot;off&quot;:0}},&quot;MD&quot;:{&quot;steps&quot;:[],&quot;hidden&quot;:false,&quot;start&quot;:{&quot;at&quot;:&quot;bottom&quot;,&quot;off&quot;:0},&quot;end&quot;:{&quot;at&quot;:&quot;top&quot;,&quot;off&quot;:0}},&quot;SM&quot;:{&quot;steps&quot;:[],&quot;hidden&quot;:true,&quot;start&quot;:{&quot;at&quot;:&quot;bottom&quot;,&quot;off&quot;:0},&quot;end&quot;:{&quot;at&quot;:&quot;top&quot;,&quot;off&quot;:0}},&quot;XS&quot;:{&quot;steps&quot;:[],&quot;hidden&quot;:true,&quot;start&quot;:{&quot;at&quot;:&quot;bottom&quot;,&quot;off&quot;:0},&quot;end&quot;:{&quot;at&quot;:&quot;top&quot;,&quot;off&quot;:0}}},&quot;container&quot;:&quot;&quot;}\"> Con sentido<\/h2>\n                      <h3 class=\"u-text u-text-default u-text-8\"> \u00c9tica personal, organizacional y social<br>Valores<br>Proyecto de vida<br>Integridad&nbsp; \n                      <\/h3>\n                    <\/div>\n                  <\/div>\n                <\/div>\n              <\/div>\n            <\/div>\n          <\/div>\n        <\/div>\n      <\/div>\n    <\/section>\n    \n    \n    \n    \n  \n","protected":false},"excerpt":{"rendered":"<p>Lo que hacemos Pensar AutoconceptoPensamiento estrat\u00e9gicoInteligencia emocionalHabilidades del pensamientoAn\u00e1lisis y s\u00edntesisToma de decisiones Con otros Comunicaci\u00f3nManejo del conflictoNegociaci\u00f3nIntegraci\u00f3n y trabajo de equiposLiderazgoServicio Movernos Creatividad e innovaci\u00f3nCambioEjecuci\u00f3nAdministraci\u00f3n del tiempoVitalidad Con sentido \u00c9tica personal, organizacional y socialValoresProyecto de vidaIntegridad&nbsp;<\/p>\n","protected":false},"author":1,"featured_media":0,"parent":0,"menu_order":1,"comment_status":"closed","ping_status":"closed","template":"","meta":{"footnotes":""},"class_list":["post-59","page","type-page","status-publish","hentry"],"yoast_head":"<!-- This site is optimized with the Yoast SEO plugin v27.0 - https:\/\/yoast.com\/product\/yoast-seo-wordpress\/ -->\n<title>Lo que hacemos - proyectosintesis<\/title>\n<meta name=\"robots\" content=\"noindex, nofollow\" \/>\n<meta property=\"og:locale\" content=\"es_MX\" \/>\n<meta property=\"og:type\" content=\"article\" \/>\n<meta property=\"og:title\" content=\"Lo que hacemos - proyectosintesis\" \/>\n<meta property=\"og:description\" content=\"Lo que hacemos Pensar AutoconceptoPensamiento estrat\u00e9gicoInteligencia emocionalHabilidades del pensamientoAn\u00e1lisis y s\u00edntesisToma de decisiones Con otros Comunicaci\u00f3nManejo del conflictoNegociaci\u00f3nIntegraci\u00f3n y trabajo de equiposLiderazgoServicio Movernos Creatividad e innovaci\u00f3nCambioEjecuci\u00f3nAdministraci\u00f3n del tiempoVitalidad Con sentido \u00c9tica personal, organizacional y socialValoresProyecto de vidaIntegridad&nbsp;\" \/>\n<meta property=\"og:url\" content=\"https:\/\/proyectosintesis.com\/site\/lo-que-hacemos\/\" \/>\n<meta property=\"og:site_name\" content=\"proyectosintesis\" \/>\n<meta property=\"article:modified_time\" content=\"2026-03-01T16:58:44+00:00\" \/>\n<meta name=\"twitter:card\" content=\"summary_large_image\" \/>\n<meta name=\"twitter:label1\" content=\"Tiempo de lectura\" \/>\n\t<meta name=\"twitter:data1\" content=\"2 minutos\" \/>\n<script type=\"application\/ld+json\" class=\"yoast-schema-graph\">{\"@context\":\"https:\/\/schema.org\",\"@graph\":[{\"@type\":\"WebPage\",\"@id\":\"https:\/\/proyectosintesis.com\/site\/lo-que-hacemos\/\",\"url\":\"https:\/\/proyectosintesis.com\/site\/lo-que-hacemos\/\",\"name\":\"Lo que hacemos - proyectosintesis\",\"isPartOf\":{\"@id\":\"https:\/\/proyectosintesis.com\/site\/#website\"},\"datePublished\":\"2026-02-14T23:27:25+00:00\",\"dateModified\":\"2026-03-01T16:58:44+00:00\",\"breadcrumb\":{\"@id\":\"https:\/\/proyectosintesis.com\/site\/lo-que-hacemos\/#breadcrumb\"},\"inLanguage\":\"es\",\"potentialAction\":[{\"@type\":\"ReadAction\",\"target\":[\"https:\/\/proyectosintesis.com\/site\/lo-que-hacemos\/\"]}]},{\"@type\":\"BreadcrumbList\",\"@id\":\"https:\/\/proyectosintesis.com\/site\/lo-que-hacemos\/#breadcrumb\",\"itemListElement\":[{\"@type\":\"ListItem\",\"position\":1,\"name\":\"Inicio\",\"item\":\"https:\/\/proyectosintesis.com\/site\/\"},{\"@type\":\"ListItem\",\"position\":2,\"name\":\"Lo que hacemos\"}]},{\"@type\":\"WebSite\",\"@id\":\"https:\/\/proyectosintesis.com\/site\/#website\",\"url\":\"https:\/\/proyectosintesis.com\/site\/\",\"name\":\"proyectosintesis\",\"description\":\"Proyecto Sintesis\",\"publisher\":{\"@id\":\"https:\/\/proyectosintesis.com\/site\/#organization\"},\"potentialAction\":[{\"@type\":\"SearchAction\",\"target\":{\"@type\":\"EntryPoint\",\"urlTemplate\":\"https:\/\/proyectosintesis.com\/site\/?s={search_term_string}\"},\"query-input\":{\"@type\":\"PropertyValueSpecification\",\"valueRequired\":true,\"valueName\":\"search_term_string\"}}],\"inLanguage\":\"es\"},{\"@type\":\"Organization\",\"@id\":\"https:\/\/proyectosintesis.com\/site\/#organization\",\"name\":\"Proyecto S\u00efntesis\",\"url\":\"https:\/\/proyectosintesis.com\/site\/\",\"logo\":{\"@type\":\"ImageObject\",\"inLanguage\":\"es\",\"@id\":\"https:\/\/proyectosintesis.com\/site\/#\/schema\/logo\/image\/\",\"url\":\"https:\/\/proyectosintesis.com\/site\/wp-content\/uploads\/2026\/02\/Sello-Sintesis-700x700-1-1.png\",\"contentUrl\":\"https:\/\/proyectosintesis.com\/site\/wp-content\/uploads\/2026\/02\/Sello-Sintesis-700x700-1-1.png\",\"width\":700,\"height\":350,\"caption\":\"Proyecto S\u00efntesis\"},\"image\":{\"@id\":\"https:\/\/proyectosintesis.com\/site\/#\/schema\/logo\/image\/\"}}]}<\/script>\n<!-- \/ Yoast SEO plugin. -->","yoast_head_json":{"title":"Lo que hacemos - proyectosintesis","robots":{"index":"noindex","follow":"nofollow"},"og_locale":"es_MX","og_type":"article","og_title":"Lo que hacemos - proyectosintesis","og_description":"Lo que hacemos Pensar AutoconceptoPensamiento estrat\u00e9gicoInteligencia emocionalHabilidades del pensamientoAn\u00e1lisis y s\u00edntesisToma de decisiones Con otros Comunicaci\u00f3nManejo del conflictoNegociaci\u00f3nIntegraci\u00f3n y trabajo de equiposLiderazgoServicio Movernos Creatividad e innovaci\u00f3nCambioEjecuci\u00f3nAdministraci\u00f3n del tiempoVitalidad Con sentido \u00c9tica personal, organizacional y socialValoresProyecto de vidaIntegridad&nbsp;","og_url":"https:\/\/proyectosintesis.com\/site\/lo-que-hacemos\/","og_site_name":"proyectosintesis","article_modified_time":"2026-03-01T16:58:44+00:00","twitter_card":"summary_large_image","twitter_misc":{"Tiempo de lectura":"2 minutos"},"schema":{"@context":"https:\/\/schema.org","@graph":[{"@type":"WebPage","@id":"https:\/\/proyectosintesis.com\/site\/lo-que-hacemos\/","url":"https:\/\/proyectosintesis.com\/site\/lo-que-hacemos\/","name":"Lo que hacemos - proyectosintesis","isPartOf":{"@id":"https:\/\/proyectosintesis.com\/site\/#website"},"datePublished":"2026-02-14T23:27:25+00:00","dateModified":"2026-03-01T16:58:44+00:00","breadcrumb":{"@id":"https:\/\/proyectosintesis.com\/site\/lo-que-hacemos\/#breadcrumb"},"inLanguage":"es","potentialAction":[{"@type":"ReadAction","target":["https:\/\/proyectosintesis.com\/site\/lo-que-hacemos\/"]}]},{"@type":"BreadcrumbList","@id":"https:\/\/proyectosintesis.com\/site\/lo-que-hacemos\/#breadcrumb","itemListElement":[{"@type":"ListItem","position":1,"name":"Inicio","item":"https:\/\/proyectosintesis.com\/site\/"},{"@type":"ListItem","position":2,"name":"Lo que hacemos"}]},{"@type":"WebSite","@id":"https:\/\/proyectosintesis.com\/site\/#website","url":"https:\/\/proyectosintesis.com\/site\/","name":"proyectosintesis","description":"Proyecto Sintesis","publisher":{"@id":"https:\/\/proyectosintesis.com\/site\/#organization"},"potentialAction":[{"@type":"SearchAction","target":{"@type":"EntryPoint","urlTemplate":"https:\/\/proyectosintesis.com\/site\/?s={search_term_string}"},"query-input":{"@type":"PropertyValueSpecification","valueRequired":true,"valueName":"search_term_string"}}],"inLanguage":"es"},{"@type":"Organization","@id":"https:\/\/proyectosintesis.com\/site\/#organization","name":"Proyecto S\u00efntesis","url":"https:\/\/proyectosintesis.com\/site\/","logo":{"@type":"ImageObject","inLanguage":"es","@id":"https:\/\/proyectosintesis.com\/site\/#\/schema\/logo\/image\/","url":"https:\/\/proyectosintesis.com\/site\/wp-content\/uploads\/2026\/02\/Sello-Sintesis-700x700-1-1.png","contentUrl":"https:\/\/proyectosintesis.com\/site\/wp-content\/uploads\/2026\/02\/Sello-Sintesis-700x700-1-1.png","width":700,"height":350,"caption":"Proyecto S\u00efntesis"},"image":{"@id":"https:\/\/proyectosintesis.com\/site\/#\/schema\/logo\/image\/"}}]}},"_links":{"self":[{"href":"https:\/\/proyectosintesis.com\/site\/wp-json\/wp\/v2\/pages\/59","targetHints":{"allow":["GET"]}}],"collection":[{"href":"https:\/\/proyectosintesis.com\/site\/wp-json\/wp\/v2\/pages"}],"about":[{"href":"https:\/\/proyectosintesis.com\/site\/wp-json\/wp\/v2\/types\/page"}],"author":[{"embeddable":true,"href":"https:\/\/proyectosintesis.com\/site\/wp-json\/wp\/v2\/users\/1"}],"replies":[{"embeddable":true,"href":"https:\/\/proyectosintesis.com\/site\/wp-json\/wp\/v2\/comments?post=59"}],"version-history":[{"count":7,"href":"https:\/\/proyectosintesis.com\/site\/wp-json\/wp\/v2\/pages\/59\/revisions"}],"predecessor-version":[{"id":214,"href":"https:\/\/proyectosintesis.com\/site\/wp-json\/wp\/v2\/pages\/59\/revisions\/214"}],"wp:attachment":[{"href":"https:\/\/proyectosintesis.com\/site\/wp-json\/wp\/v2\/media?parent=59"}],"curies":[{"name":"wp","href":"https:\/\/api.w.org\/{rel}","templated":true}]}}