{"id":119,"date":"2026-02-16T23:26:09","date_gmt":"2026-02-16T23:26:09","guid":{"rendered":"http:\/\/proyectosintesis.com\/site\/?page_id=119"},"modified":"2026-03-14T17:31:49","modified_gmt":"2026-03-14T17:31:49","slug":"como-lo-hacemos","status":"publish","type":"page","link":"https:\/\/proyectosintesis.com\/site\/como-lo-hacemos\/","title":{"rendered":"C\u00f3mo lo hacemos"},"content":{"rendered":"\n    \n    <section class=\"u-clearfix u-container-align-center u-palette-3-base u-section-2\" id=\"block-7\">\n      <div class=\"u-clearfix u-sheet u-valign-middle-lg u-valign-middle-xl u-sheet-1\">\n        <h1 class=\"u-align-center u-text u-text-default u-text-1\">C\u00f3mo lo hacemos<\/h1>\n      <\/div>\n    <\/section>\n    <section class=\"u-align-center u-clearfix u-container-align-center-xl u-section-3\" id=\"block-5\">\n      <div class=\"u-clearfix u-sheet u-sheet-1\">\n        <div class=\"u-expanded-width-xs u-list u-list-1\">\n          <div class=\"u-repeater u-repeater-1\">\n            <div class=\"u-container-style u-list-item u-repeater-item\">\n              <div class=\"u-container-layout u-similar-container u-container-layout-1\">\n                <img decoding=\"async\" class=\"u-align-right u-expanded-height u-hidden-xs u-image u-image-contain u-image-default u-preserve-proportions u-image-1\" src=\"https:\/\/proyectosintesis.com\/site\/wp-content\/uploads\/2026\/02\/puntosinicio.png\" alt=\"\" data-image-width=\"65\" data-image-height=\"64\">\n                <h2 class=\"u-align-left u-text u-text-default u-text-1\"> Conferencias<\/h2>\n              <\/div>\n            <\/div>\n            <div class=\"u-container-style u-list-item u-repeater-item\">\n              <div class=\"u-container-layout u-similar-container u-container-layout-2\">\n                <img decoding=\"async\" class=\"u-align-right u-expanded-height u-hidden-xs u-image u-image-contain u-image-default u-preserve-proportions u-image-2\" src=\"https:\/\/proyectosintesis.com\/site\/wp-content\/uploads\/2026\/02\/puntosgris.png\" alt=\"\" data-image-width=\"64\" data-image-height=\"64\">\n                <h2 class=\"u-align-left u-text u-text-default u-text-2\"> Conversatorios<\/h2>\n              <\/div>\n            <\/div>\n            <div class=\"u-container-style u-list-item u-repeater-item\">\n              <div class=\"u-container-layout u-similar-container u-container-layout-3\">\n                <img decoding=\"async\" class=\"u-align-right u-expanded-height u-hidden-xs u-image u-image-contain u-image-default u-preserve-proportions u-image-3\" src=\"https:\/\/proyectosintesis.com\/site\/wp-content\/uploads\/2026\/02\/puntosgris.png\" alt=\"\" data-image-width=\"64\" data-image-height=\"64\">\n                <h2 class=\"u-align-left u-text u-text-default-lg u-text-default-xl u-text-3\"> Talleres<\/h2>\n              <\/div>\n            <\/div>\n            <div class=\"u-container-style u-list-item u-repeater-item\">\n              <div class=\"u-container-layout u-similar-container u-container-layout-4\">\n                <img decoding=\"async\" class=\"u-align-right u-expanded-height u-hidden-xs u-image u-image-contain u-image-default u-preserve-proportions u-image-4\" src=\"https:\/\/proyectosintesis.com\/site\/wp-content\/uploads\/2026\/02\/puntosgris.png\" alt=\"\" data-image-width=\"64\" data-image-height=\"64\">\n                <h2 class=\"u-align-left u-text u-text-default u-text-4\"> Administraci\u00f3n del cambio<\/h2>\n              <\/div>\n            <\/div>\n          <\/div>\n        <\/div>\n        <div class=\"u-expanded-width-xs u-list u-list-2\">\n          <div class=\"u-repeater u-repeater-2\">\n            <div class=\"u-container-style u-list-item u-repeater-item\">\n              <div class=\"u-container-layout u-similar-container u-container-layout-5\">\n                <img decoding=\"async\" class=\"u-align-right u-expanded-height u-hidden-xs u-image u-image-contain u-image-default u-preserve-proportions u-image-5\" src=\"https:\/\/proyectosintesis.com\/site\/wp-content\/uploads\/2026\/02\/puntosgris.png\" alt=\"\" data-image-width=\"64\" data-image-height=\"64\">\n                <h2 class=\"u-align-left u-text u-text-default-lg u-text-default-xl u-text-5\"> C\u00f3digos y comit\u00e9s de \u00e9tica<\/h2>\n              <\/div>\n            <\/div>\n            <div class=\"u-container-style u-list-item u-repeater-item\">\n              <div class=\"u-container-layout u-similar-container u-container-layout-6\">\n                <img decoding=\"async\" class=\"u-align-right u-expanded-height u-hidden-xs u-image u-image-contain u-image-default u-preserve-proportions u-image-6\" src=\"https:\/\/proyectosintesis.com\/site\/wp-content\/uploads\/2026\/02\/puntosgris.png\" alt=\"\" data-image-width=\"64\" data-image-height=\"64\">\n                <h2 class=\"u-align-left u-text u-text-default-lg u-text-default-xl u-text-6\"> Creaci\u00f3n y producci\u00f3n de video<\/h2>\n              <\/div>\n            <\/div>\n            <div class=\"u-container-style u-list-item u-repeater-item\">\n              <div class=\"u-container-layout u-similar-container u-container-layout-7\">\n                <img decoding=\"async\" class=\"u-align-right u-expanded-height u-hidden-xs u-image u-image-contain u-image-default u-preserve-proportions u-image-7\" src=\"https:\/\/proyectosintesis.com\/site\/wp-content\/uploads\/2026\/02\/puntosgris1.5.png\" alt=\"\" data-image-width=\"64\" data-image-height=\"96\">\n                <h2 class=\"u-align-left u-text u-text-default-lg u-text-default-xl u-text-7\"> Diagn\u00f3stico y desarrollo de cultura organizacional<\/h2>\n              <\/div>\n            <\/div>\n            <div class=\"u-container-style u-list-item u-repeater-item\">\n              <div class=\"u-container-layout u-similar-container u-container-layout-8\">\n                <img decoding=\"async\" class=\"u-align-right u-expanded-height u-hidden-xs u-image u-image-contain u-image-default u-preserve-proportions u-image-8\" src=\"https:\/\/proyectosintesis.com\/site\/wp-content\/uploads\/2026\/02\/puntosgris.png\" alt=\"\" data-image-width=\"64\" data-image-height=\"64\">\n                <h2 class=\"u-align-left u-text u-text-default-lg u-text-default-xl u-text-8\"> Mediaci\u00f3n<\/h2>\n              <\/div>\n            <\/div>\n            <div class=\"u-container-style u-list-item u-repeater-item\">\n              <div class=\"u-container-layout u-similar-container u-container-layout-9\">\n                <img decoding=\"async\" class=\"u-align-right u-expanded-height u-hidden-xs u-image u-image-contain u-image-default u-preserve-proportions u-image-9\" src=\"https:\/\/proyectosintesis.com\/site\/wp-content\/uploads\/2026\/02\/puntosgris.png\" alt=\"\" data-image-width=\"64\" data-image-height=\"64\">\n                <h2 class=\"u-align-left u-text u-text-default-lg u-text-default-xl u-text-9\"> Seminarios<\/h2>\n              <\/div>\n            <\/div>\n          <\/div>\n        <\/div>\n        <div class=\"custom-expanded u-list u-list-3\">\n          <div class=\"u-repeater u-repeater-3\">\n            <div class=\"u-container-style u-list-item u-repeater-item\">\n              <div class=\"u-container-layout u-similar-container u-container-layout-10\">\n                <img decoding=\"async\" class=\"u-align-right u-hidden-xs u-image u-image-contain u-image-default u-preserve-proportions u-image-10\" src=\"https:\/\/proyectosintesis.com\/site\/wp-content\/uploads\/2026\/02\/puntosgris.png\" alt=\"\" data-image-width=\"64\" data-image-height=\"64\">\n                <h2 class=\"u-align-left u-text u-text-default u-text-10\"> Desarrollo de innovaciones<\/h2>\n              <\/div>\n            <\/div>\n            <div class=\"u-container-style u-list-item u-repeater-item\">\n              <div class=\"u-container-layout u-similar-container u-container-layout-11\">\n                <img decoding=\"async\" class=\"u-align-right u-hidden-xs u-image u-image-contain u-image-default u-preserve-proportions u-image-11\" src=\"https:\/\/proyectosintesis.com\/site\/wp-content\/uploads\/2026\/02\/puntosgris.png\" alt=\"\" data-image-width=\"64\" data-image-height=\"64\">\n                <h2 class=\"u-align-left u-text u-text-default u-text-11\"> Filosof\u00eda corporativa<\/h2>\n              <\/div>\n            <\/div>\n            <div class=\"u-container-style u-list-item u-repeater-item\">\n              <div class=\"u-container-layout u-similar-container u-container-layout-12\">\n                <img decoding=\"async\" class=\"u-align-right u-hidden-xs u-image u-image-contain u-image-default u-preserve-proportions u-image-12\" src=\"https:\/\/proyectosintesis.com\/site\/wp-content\/uploads\/2026\/02\/puntosgris.png\" alt=\"\" data-image-width=\"64\" data-image-height=\"64\">\n                <h2 class=\"u-align-left u-text u-text-default u-text-12\"> Libros y audiolibros<\/h2>\n              <\/div>\n            <\/div>\n            <div class=\"u-container-style u-list-item u-repeater-item\">\n              <div class=\"u-container-layout u-similar-container u-container-layout-13\">\n                <img decoding=\"async\" class=\"u-align-right u-hidden-xs u-image u-image-contain u-image-default u-preserve-proportions u-image-13\" src=\"https:\/\/proyectosintesis.com\/site\/wp-content\/uploads\/2026\/02\/puntosgris.png\" alt=\"\" data-image-width=\"64\" data-image-height=\"64\">\n                <h2 class=\"u-align-left u-text u-text-default u-text-13\"> Experiencias musicales<\/h2>\n              <\/div>\n            <\/div>\n            <div class=\"u-container-style u-list-item u-repeater-item\">\n              <div class=\"u-container-layout u-similar-container u-container-layout-14\">\n                <img decoding=\"async\" class=\"u-align-right u-hidden-xs u-image u-image-contain u-image-default u-preserve-proportions u-image-14\" src=\"https:\/\/proyectosintesis.com\/site\/wp-content\/uploads\/2026\/02\/puntosfinal.png\" alt=\"\" data-image-width=\"65\" data-image-height=\"64\">\n                <h2 class=\"u-align-left u-text u-text-default u-text-14\"> Coaching<\/h2>\n              <\/div>\n            <\/div>\n          <\/div>\n        <\/div>\n      <\/div>\n    <\/section>\n    \n    \n    \n    \n  \n","protected":false},"excerpt":{"rendered":"<p>C\u00f3mo lo hacemos Conferencias Conversatorios Talleres Administraci\u00f3n del cambio C\u00f3digos y comit\u00e9s de \u00e9tica Creaci\u00f3n y producci\u00f3n de video Diagn\u00f3stico y desarrollo de cultura organizacional Mediaci\u00f3n Seminarios Desarrollo de innovaciones Filosof\u00eda corporativa Libros y audiolibros Experiencias musicales Coaching<\/p>\n","protected":false},"author":1,"featured_media":0,"parent":0,"menu_order":0,"comment_status":"closed","ping_status":"closed","template":"","meta":{"footnotes":""},"class_list":["post-119","page","type-page","status-publish","hentry"],"yoast_head":"<!-- This site is optimized with the Yoast SEO plugin v27.0 - https:\/\/yoast.com\/product\/yoast-seo-wordpress\/ -->\n<title>C\u00f3mo lo hacemos - proyectosintesis<\/title>\n<meta name=\"robots\" content=\"noindex, nofollow\" \/>\n<meta property=\"og:locale\" content=\"es_MX\" \/>\n<meta property=\"og:type\" content=\"article\" \/>\n<meta property=\"og:title\" content=\"C\u00f3mo lo hacemos - proyectosintesis\" \/>\n<meta property=\"og:description\" content=\"C\u00f3mo lo hacemos Conferencias Conversatorios Talleres Administraci\u00f3n del cambio C\u00f3digos y comit\u00e9s de \u00e9tica Creaci\u00f3n y producci\u00f3n de video Diagn\u00f3stico y desarrollo de cultura organizacional Mediaci\u00f3n Seminarios Desarrollo de innovaciones Filosof\u00eda corporativa Libros y audiolibros Experiencias musicales Coaching\" \/>\n<meta property=\"og:url\" content=\"https:\/\/proyectosintesis.com\/site\/como-lo-hacemos\/\" \/>\n<meta property=\"og:site_name\" content=\"proyectosintesis\" \/>\n<meta property=\"article:modified_time\" content=\"2026-03-14T17:31:49+00:00\" \/>\n<meta name=\"twitter:card\" content=\"summary_large_image\" \/>\n<meta name=\"twitter:label1\" content=\"Tiempo de lectura\" \/>\n\t<meta name=\"twitter:data1\" content=\"4 minutos\" \/>\n<script type=\"application\/ld+json\" class=\"yoast-schema-graph\">{\"@context\":\"https:\/\/schema.org\",\"@graph\":[{\"@type\":\"WebPage\",\"@id\":\"https:\/\/proyectosintesis.com\/site\/como-lo-hacemos\/\",\"url\":\"https:\/\/proyectosintesis.com\/site\/como-lo-hacemos\/\",\"name\":\"C\u00f3mo lo hacemos - proyectosintesis\",\"isPartOf\":{\"@id\":\"https:\/\/proyectosintesis.com\/site\/#website\"},\"datePublished\":\"2026-02-16T23:26:09+00:00\",\"dateModified\":\"2026-03-14T17:31:49+00:00\",\"breadcrumb\":{\"@id\":\"https:\/\/proyectosintesis.com\/site\/como-lo-hacemos\/#breadcrumb\"},\"inLanguage\":\"es\",\"potentialAction\":[{\"@type\":\"ReadAction\",\"target\":[\"https:\/\/proyectosintesis.com\/site\/como-lo-hacemos\/\"]}]},{\"@type\":\"BreadcrumbList\",\"@id\":\"https:\/\/proyectosintesis.com\/site\/como-lo-hacemos\/#breadcrumb\",\"itemListElement\":[{\"@type\":\"ListItem\",\"position\":1,\"name\":\"Inicio\",\"item\":\"https:\/\/proyectosintesis.com\/site\/\"},{\"@type\":\"ListItem\",\"position\":2,\"name\":\"C\u00f3mo lo hacemos\"}]},{\"@type\":\"WebSite\",\"@id\":\"https:\/\/proyectosintesis.com\/site\/#website\",\"url\":\"https:\/\/proyectosintesis.com\/site\/\",\"name\":\"proyectosintesis\",\"description\":\"Proyecto Sintesis\",\"publisher\":{\"@id\":\"https:\/\/proyectosintesis.com\/site\/#organization\"},\"potentialAction\":[{\"@type\":\"SearchAction\",\"target\":{\"@type\":\"EntryPoint\",\"urlTemplate\":\"https:\/\/proyectosintesis.com\/site\/?s={search_term_string}\"},\"query-input\":{\"@type\":\"PropertyValueSpecification\",\"valueRequired\":true,\"valueName\":\"search_term_string\"}}],\"inLanguage\":\"es\"},{\"@type\":\"Organization\",\"@id\":\"https:\/\/proyectosintesis.com\/site\/#organization\",\"name\":\"Proyecto S\u00efntesis\",\"url\":\"https:\/\/proyectosintesis.com\/site\/\",\"logo\":{\"@type\":\"ImageObject\",\"inLanguage\":\"es\",\"@id\":\"https:\/\/proyectosintesis.com\/site\/#\/schema\/logo\/image\/\",\"url\":\"https:\/\/proyectosintesis.com\/site\/wp-content\/uploads\/2026\/02\/Sello-Sintesis-700x700-1-1.png\",\"contentUrl\":\"https:\/\/proyectosintesis.com\/site\/wp-content\/uploads\/2026\/02\/Sello-Sintesis-700x700-1-1.png\",\"width\":700,\"height\":350,\"caption\":\"Proyecto S\u00efntesis\"},\"image\":{\"@id\":\"https:\/\/proyectosintesis.com\/site\/#\/schema\/logo\/image\/\"}}]}<\/script>\n<!-- \/ Yoast SEO plugin. -->","yoast_head_json":{"title":"C\u00f3mo lo hacemos - proyectosintesis","robots":{"index":"noindex","follow":"nofollow"},"og_locale":"es_MX","og_type":"article","og_title":"C\u00f3mo lo hacemos - proyectosintesis","og_description":"C\u00f3mo lo hacemos Conferencias Conversatorios Talleres Administraci\u00f3n del cambio C\u00f3digos y comit\u00e9s de \u00e9tica Creaci\u00f3n y producci\u00f3n de video Diagn\u00f3stico y desarrollo de cultura organizacional Mediaci\u00f3n Seminarios Desarrollo de innovaciones Filosof\u00eda corporativa Libros y audiolibros Experiencias musicales Coaching","og_url":"https:\/\/proyectosintesis.com\/site\/como-lo-hacemos\/","og_site_name":"proyectosintesis","article_modified_time":"2026-03-14T17:31:49+00:00","twitter_card":"summary_large_image","twitter_misc":{"Tiempo de lectura":"4 minutos"},"schema":{"@context":"https:\/\/schema.org","@graph":[{"@type":"WebPage","@id":"https:\/\/proyectosintesis.com\/site\/como-lo-hacemos\/","url":"https:\/\/proyectosintesis.com\/site\/como-lo-hacemos\/","name":"C\u00f3mo lo hacemos - proyectosintesis","isPartOf":{"@id":"https:\/\/proyectosintesis.com\/site\/#website"},"datePublished":"2026-02-16T23:26:09+00:00","dateModified":"2026-03-14T17:31:49+00:00","breadcrumb":{"@id":"https:\/\/proyectosintesis.com\/site\/como-lo-hacemos\/#breadcrumb"},"inLanguage":"es","potentialAction":[{"@type":"ReadAction","target":["https:\/\/proyectosintesis.com\/site\/como-lo-hacemos\/"]}]},{"@type":"BreadcrumbList","@id":"https:\/\/proyectosintesis.com\/site\/como-lo-hacemos\/#breadcrumb","itemListElement":[{"@type":"ListItem","position":1,"name":"Inicio","item":"https:\/\/proyectosintesis.com\/site\/"},{"@type":"ListItem","position":2,"name":"C\u00f3mo lo hacemos"}]},{"@type":"WebSite","@id":"https:\/\/proyectosintesis.com\/site\/#website","url":"https:\/\/proyectosintesis.com\/site\/","name":"proyectosintesis","description":"Proyecto Sintesis","publisher":{"@id":"https:\/\/proyectosintesis.com\/site\/#organization"},"potentialAction":[{"@type":"SearchAction","target":{"@type":"EntryPoint","urlTemplate":"https:\/\/proyectosintesis.com\/site\/?s={search_term_string}"},"query-input":{"@type":"PropertyValueSpecification","valueRequired":true,"valueName":"search_term_string"}}],"inLanguage":"es"},{"@type":"Organization","@id":"https:\/\/proyectosintesis.com\/site\/#organization","name":"Proyecto S\u00efntesis","url":"https:\/\/proyectosintesis.com\/site\/","logo":{"@type":"ImageObject","inLanguage":"es","@id":"https:\/\/proyectosintesis.com\/site\/#\/schema\/logo\/image\/","url":"https:\/\/proyectosintesis.com\/site\/wp-content\/uploads\/2026\/02\/Sello-Sintesis-700x700-1-1.png","contentUrl":"https:\/\/proyectosintesis.com\/site\/wp-content\/uploads\/2026\/02\/Sello-Sintesis-700x700-1-1.png","width":700,"height":350,"caption":"Proyecto S\u00efntesis"},"image":{"@id":"https:\/\/proyectosintesis.com\/site\/#\/schema\/logo\/image\/"}}]}},"_links":{"self":[{"href":"https:\/\/proyectosintesis.com\/site\/wp-json\/wp\/v2\/pages\/119","targetHints":{"allow":["GET"]}}],"collection":[{"href":"https:\/\/proyectosintesis.com\/site\/wp-json\/wp\/v2\/pages"}],"about":[{"href":"https:\/\/proyectosintesis.com\/site\/wp-json\/wp\/v2\/types\/page"}],"author":[{"embeddable":true,"href":"https:\/\/proyectosintesis.com\/site\/wp-json\/wp\/v2\/users\/1"}],"replies":[{"embeddable":true,"href":"https:\/\/proyectosintesis.com\/site\/wp-json\/wp\/v2\/comments?post=119"}],"version-history":[{"count":8,"href":"https:\/\/proyectosintesis.com\/site\/wp-json\/wp\/v2\/pages\/119\/revisions"}],"predecessor-version":[{"id":227,"href":"https:\/\/proyectosintesis.com\/site\/wp-json\/wp\/v2\/pages\/119\/revisions\/227"}],"wp:attachment":[{"href":"https:\/\/proyectosintesis.com\/site\/wp-json\/wp\/v2\/media?parent=119"}],"curies":[{"name":"wp","href":"https:\/\/api.w.org\/{rel}","templated":true}]}}